{"id":130,"date":"2017-02-26T18:34:01","date_gmt":"2017-02-26T17:34:01","guid":{"rendered":"http:\/\/www.ggss.at\/?page_id=130"},"modified":"2017-02-26T22:19:34","modified_gmt":"2017-02-26T21:19:34","slug":"bewaesserungsanlage","status":"publish","type":"page","link":"https:\/\/www.ggss.at\/?page_id=130","title":{"rendered":"Bew\u00e4sserungsanlage"},"content":{"rendered":"<p><div id=\"metaslider-id-155\" style=\"max-width: 1280px; margin: 0 auto;\" class=\"ml-slider-3-27-8 metaslider metaslider-nivo metaslider-155 ml-slider\">\n    <div id=\"metaslider_container_155\">\n        <div class='slider-wrapper theme-default'><div class='ribbon'><\/div><div id='metaslider_155' class='nivoSlider'><img src=\"https:\/\/www.ggss.at\/wp-content\/uploads\/2017\/02\/Wasser2.png\" height=\"300\" width=\"1280\" alt=\"\" class=\"slider-155 slide-157\" \/><img src=\"https:\/\/www.ggss.at\/wp-content\/uploads\/2017\/02\/Wasser1.png\" height=\"300\" width=\"1280\" alt=\"\" class=\"slider-155 slide-156\" \/><\/div><\/div>\n        \n    <\/div>\n<\/div><br \/>\n<div id=\"new-section\">\n\t\t\t\t\t<div class=\"container\">\n\t\t\t\t\t\t<div class=\"text-center\">\n\t\t\t\t\t\t\t<div class=\"jx-section-title-1\"> \n\t\t\t\t\t\t\t   <div class=\"jx-title jx-uppercase mb40\">Bew\u00e4sserungsanlagenbau<\/div>                 \n\t\t\t\t\t\t\t   <div class=\"main-text\">\n\t\t\t\t\t\t\t\t<p>Sie haben keine Lust mehr Ihre Freizeit mit dem stundenlangen, nicht immer 100%ig fl\u00e4chendeckenden Gie\u00dfen Ihres Gartens zu verbringen? Eine individuelle und pflanzengerechte Bew\u00e4sserung erreichen Sie mit einer professionellen Bew\u00e4sserungsanlage. Gerne stehen wir Ihnen mit unserem Fachwissen f\u00fcr einen Beratungstermin zur Verf\u00fcgung.<\/p>\n<p>Vorteile einer Bew\u00e4sserungsanlage:<\/p>\n<p>- Einsparungen bis zu 45 %<br \/>\n- geringerer Wasserverbrauch<br \/>\n- fl\u00e4chendeckend<br \/>\n- unkomplizierte Urlaubsreise<\/p>\n\t\t\t\t\t\t\t\t<div class=\"jx-title-top-line\"><span class=\"jx-black-title-top-arrow-white\"><\/span><\/div>\n\t\t\t\t\t\t\t   <\/div>\n\t\t\t\t\t\t\t<\/div>            \n\t\t\t\t\t\t<\/div>  \n\t\t\t\t\t\t<div class=\"\">\n\t\t\t\t\t\t<div class=\"section-container\">\t\n\t\t\t\t\t\t\t\t\n\t\t\t\t\t\t<\/div>            \n\t\t\t\t\t\t<\/div>            \n\t\t\t\t\t<\/div>            \n\t\t\t\t\t<\/div><\/p>\n","protected":false},"excerpt":{"rendered":"","protected":false},"author":1,"featured_media":0,"parent":0,"menu_order":0,"comment_status":"closed","ping_status":"closed","template":"page-fullwidth.php","meta":[],"_links":{"self":[{"href":"https:\/\/www.ggss.at\/index.php?rest_route=\/wp\/v2\/pages\/130"}],"collection":[{"href":"https:\/\/www.ggss.at\/index.php?rest_route=\/wp\/v2\/pages"}],"about":[{"href":"https:\/\/www.ggss.at\/index.php?rest_route=\/wp\/v2\/types\/page"}],"author":[{"embeddable":true,"href":"https:\/\/www.ggss.at\/index.php?rest_route=\/wp\/v2\/users\/1"}],"replies":[{"embeddable":true,"href":"https:\/\/www.ggss.at\/index.php?rest_route=%2Fwp%2Fv2%2Fcomments&post=130"}],"version-history":[{"count":3,"href":"https:\/\/www.ggss.at\/index.php?rest_route=\/wp\/v2\/pages\/130\/revisions"}],"predecessor-version":[{"id":205,"href":"https:\/\/www.ggss.at\/index.php?rest_route=\/wp\/v2\/pages\/130\/revisions\/205"}],"wp:attachment":[{"href":"https:\/\/www.ggss.at\/index.php?rest_route=%2Fwp%2Fv2%2Fmedia&parent=130"}],"curies":[{"name":"wp","href":"https:\/\/api.w.org\/{rel}","templated":true}]}}