{"id":7,"date":"2017-01-22T13:18:15","date_gmt":"2017-01-22T12:18:15","guid":{"rendered":"http:\/\/www.ggss.at\/?page_id=7"},"modified":"2018-10-09T22:14:14","modified_gmt":"2018-10-09T20:14:14","slug":"home","status":"publish","type":"page","link":"http:\/\/www.ggss.at\/","title":{"rendered":"Home"},"content":{"rendered":"<p><div id=\"metaslider-id-123\" style=\"max-width: 1280px; margin: 0 auto;\" class=\"ml-slider-3-27-8 metaslider metaslider-nivo metaslider-123 ml-slider\">\n    <div id=\"metaslider_container_123\">\n        <div class='slider-wrapper theme-default'><div class='ribbon'><\/div><div id='metaslider_123' class='nivoSlider'><img src=\"http:\/\/www.ggss.at\/wp-content\/uploads\/2017\/02\/home3.png\" height=\"300\" width=\"1280\" alt=\"\" class=\"slider-123 slide-204\" \/><img src=\"http:\/\/www.ggss.at\/wp-content\/uploads\/2017\/02\/home2.png\" height=\"300\" width=\"1280\" alt=\"\" class=\"slider-123 slide-203\" \/><img src=\"http:\/\/www.ggss.at\/wp-content\/uploads\/2017\/02\/home1.png\" height=\"300\" width=\"1280\" alt=\"\" class=\"slider-123 slide-202\" \/><\/div><\/div>\n        \n    <\/div>\n<\/div><br \/>\n<div id=\"new-section\">\n\t\t\t\t\t<div class=\"container\">\n\t\t\t\t\t\t<div class=\"text-center\">\n\t\t\t\t\t\t\t<div class=\"jx-section-title-1\"> \n\t\t\t\t\t\t\t   <div class=\"jx-title jx-uppercase mb40\">HERZLICH WILLKOMMEN<\/div>                 \n\t\t\t\t\t\t\t   <div class=\"main-text\">\n\t\t\t\t\t\t\t\t<p>Ein sch\u00f6ner Garten erweitert Ihren Lebensraum und erh\u00f6ht Ihre Lebensqualit\u00e4t. Wir beraten Sie gerne um den Garten Ihrer Tr\u00e4ume zu erschaffen. Bei der Planung und Umsetzung Ihres Gartenprojekts legen wir gr\u00f6\u00dften Wert auf pers\u00f6nliche Beratung, individuelle Gestaltung, viel Liebe zum Detail, sowie auf die Verwendung von nat\u00fcrlichen Materialien.<br \/>\nWir verwirklichen mit Kompetenz &amp; Know-how Ihren ganz pers\u00f6nlichen Garten-Traum. Denn wie hei\u00dft es so sch\u00f6n?<br \/>\nJeder Garten hat ein Geheimnis...<br \/>\n<em>...meiner ist von Schneider. <\/em><\/p>\n\t\t\t\t\t\t\t\t<div class=\"jx-title-top-line\"><span class=\"jx-black-title-top-arrow-white\"><\/span><\/div>\n\t\t\t\t\t\t\t   <\/div>\n\t\t\t\t\t\t\t<\/div>            \n\t\t\t\t\t\t<\/div>  \n\t\t\t\t\t\t<div class=\"\">\n\t\t\t\t\t\t<div class=\"section-container\">\t\n\t\t\t\t\t\t\t\t\n\t\t\t\t\t\t<\/div>            \n\t\t\t\t\t\t<\/div>            \n\t\t\t\t\t<\/div>            \n\t\t\t\t\t<\/div><\/p>\n<div>\n<p style=\"font-size: 190%; font-family: Arial; font-weight: bold; text-align: center;\"><a href=\"http:\/\/www.ggss.at\/?page_id=215\">AKTUELLE PROJEKTE \/ REFERENZEN<\/a><\/p>\n<\/div>\n<p>&nbsp;<\/p>\n","protected":false},"excerpt":{"rendered":"<p>AKTUELLE PROJEKTE \/ REFERENZEN &nbsp;<\/p>\n","protected":false},"author":1,"featured_media":0,"parent":0,"menu_order":0,"comment_status":"closed","ping_status":"closed","template":"page-fullwidth.php","meta":[],"_links":{"self":[{"href":"http:\/\/www.ggss.at\/index.php?rest_route=\/wp\/v2\/pages\/7"}],"collection":[{"href":"http:\/\/www.ggss.at\/index.php?rest_route=\/wp\/v2\/pages"}],"about":[{"href":"http:\/\/www.ggss.at\/index.php?rest_route=\/wp\/v2\/types\/page"}],"author":[{"embeddable":true,"href":"http:\/\/www.ggss.at\/index.php?rest_route=\/wp\/v2\/users\/1"}],"replies":[{"embeddable":true,"href":"http:\/\/www.ggss.at\/index.php?rest_route=%2Fwp%2Fv2%2Fcomments&post=7"}],"version-history":[{"count":51,"href":"http:\/\/www.ggss.at\/index.php?rest_route=\/wp\/v2\/pages\/7\/revisions"}],"predecessor-version":[{"id":387,"href":"http:\/\/www.ggss.at\/index.php?rest_route=\/wp\/v2\/pages\/7\/revisions\/387"}],"wp:attachment":[{"href":"http:\/\/www.ggss.at\/index.php?rest_route=%2Fwp%2Fv2%2Fmedia&parent=7"}],"curies":[{"name":"wp","href":"https:\/\/api.w.org\/{rel}","templated":true}]}}