{"id":50,"date":"2017-01-22T15:36:20","date_gmt":"2017-01-22T14:36:20","guid":{"rendered":"http:\/\/www.ggss.at\/?page_id=50"},"modified":"2018-03-18T17:22:30","modified_gmt":"2018-03-18T16:22:30","slug":"gartenpflege","status":"publish","type":"page","link":"http:\/\/www.ggss.at\/?page_id=50","title":{"rendered":"Gartenpflege"},"content":{"rendered":"<p><div id=\"metaslider-id-127\" style=\"max-width: 1280px; margin: 0 auto;\" class=\"ml-slider-3-27-8 metaslider metaslider-nivo metaslider-127 ml-slider\">\n    <div id=\"metaslider_container_127\">\n        <div class='slider-wrapper theme-default'><div class='ribbon'><\/div><div id='metaslider_127' class='nivoSlider'><img src=\"http:\/\/www.ggss.at\/wp-content\/uploads\/2017\/02\/Pflege3.png\" height=\"300\" width=\"1280\" alt=\"\" class=\"slider-127 slide-147\" \/><img src=\"http:\/\/www.ggss.at\/wp-content\/uploads\/2017\/02\/Pfelge2.png\" height=\"300\" width=\"1280\" alt=\"\" class=\"slider-127 slide-149\" \/><img src=\"http:\/\/www.ggss.at\/wp-content\/uploads\/2017\/02\/Pflege1.png\" height=\"300\" width=\"1280\" alt=\"\" class=\"slider-127 slide-148\" \/><\/div><\/div>\n        \n    <\/div>\n<\/div><br \/>\n<div id=\"new-section\">\n\t\t\t\t\t<div class=\"container\">\n\t\t\t\t\t\t<div class=\"text-center\">\n\t\t\t\t\t\t\t<div class=\"jx-section-title-1\"> \n\t\t\t\t\t\t\t   <div class=\"jx-title jx-uppercase mb40\">Gartenpflege<\/div>                 \n\t\t\t\t\t\t\t   <div class=\"main-text\">\n\t\t\t\t\t\t\t\t<p>Ein sch\u00f6ner Garten muss gepflegt werden. Wir als zuverl\u00e4ssiger und kompetenter G\u00e4rtner \u00fcbernehmen gerne diese Arbeiten f\u00fcr Sie. Gemeinsam mit Ihnen erstellen wir das f\u00fcr Ihren Garten abgestimmte Pflegeprogramm. Unsere Pflegeschwerpunkte umfassen:<\/p>\n<p>- Rasenpflege: Vertikutieren, Aerifizieren, M\u00e4harbeiten<br \/>\n- Hecken- und Strauchschnitt<br \/>\n- D\u00fcngerarbeiten<br \/>\n- Pflanzenschutz<br \/>\n- Beetfl\u00e4chen kultivieren (Unkraut)<\/p>\n\t\t\t\t\t\t\t\t<div class=\"jx-title-top-line\"><span class=\"jx-black-title-top-arrow-white\"><\/span><\/div>\n\t\t\t\t\t\t\t   <\/div>\n\t\t\t\t\t\t\t<\/div>            \n\t\t\t\t\t\t<\/div>  \n\t\t\t\t\t\t<div class=\"\">\n\t\t\t\t\t\t<div class=\"section-container\">\t\n\t\t\t\t\t\t\t<div id=\"envira-gallery-wrap-291\" class=\"envira-gallery-wrap envira-gallery-theme-base envira-lightbox-theme-base\" itemscope itemtype=\"https:\/\/schema.org\/ImageGallery\"><div data-row-height=\"\" data-gallery-theme=\"\" id=\"envira-gallery-291\" class=\"envira-gallery-public  envira-gallery-3-columns envira-clear enviratope envira-gallery-css-animations\" data-envira-columns=\"3\"><div id=\"envira-gallery-item-292\" class=\"envira-gallery-item enviratope-item envira-gallery-item-1 envira-lazy-load\" style=\"padding-left: 5px; padding-bottom: 10px; padding-right: 5px;\"  itemscope itemtype=\"https:\/\/schema.org\/ImageObject\"><div class=\"envira-gallery-item-inner\"><div class=\"envira-gallery-position-overlay  envira-gallery-top-left\"><\/div><div class=\"envira-gallery-position-overlay  envira-gallery-top-right\"><\/div><div class=\"envira-gallery-position-overlay  envira-gallery-bottom-left\"><\/div><div class=\"envira-gallery-position-overlay  envira-gallery-bottom-right\"><\/div><a href=\"http:\/\/www.ggss.at\/wp-content\/uploads\/2018\/03\/2017-12-02-PHOTO-00000084.jpg\" class=\"envira-gallery-291 envira-gallery-link\" rel=\"enviragallery291\" title=\"... Hoch hinaus.\" data-envira-caption=\"... Hoch hinaus.\" data-envira-retina=\"\" data-thumbnail=\"\"  itemprop=\"contentUrl\"><div class=\"envira-lazy\" data-test-width=\"640\" data-test-height=\"480\" style=\"padding-bottom:75%;\"><img id=\"envira-gallery-image-292\" class=\"envira-gallery-image envira-gallery-image-1\" data-envira-index=\"1\" src=\"http:\/\/www.ggss.at\/wp-content\/uploads\/2018\/03\/2017-12-02-PHOTO-00000084-1024x768-640x480_c.jpg\" data-envira-src=\"http:\/\/www.ggss.at\/wp-content\/uploads\/2018\/03\/2017-12-02-PHOTO-00000084-1024x768-640x480_c.jpg\" data-envira-gallery-id=\"291\" data-envira-item-id=\"292\" data-envira-caption=\"... Hoch hinaus.\" alt=\"\" title=\"... Hoch hinaus.\"  itemprop=\"thumbnailUrl\" data-envira-srcset=\"http:\/\/www.ggss.at\/wp-content\/uploads\/2018\/03\/2017-12-02-PHOTO-00000084-1024x768-640x480_c.jpg 400w,http:\/\/www.ggss.at\/wp-content\/uploads\/2018\/03\/2017-12-02-PHOTO-00000084-1024x768-640x480_c.jpg 2x\" srcset=\"data:image\/gif;base64,R0lGODlhAQABAIAAAP\/\/\/\/\/\/\/yH5BAEKAAEALAAAAAABAAEAAAICTAEAOw==\" \/><\/div><\/a><\/div><\/div><div id=\"envira-gallery-item-293\" class=\"envira-gallery-item enviratope-item envira-gallery-item-2 envira-lazy-load\" style=\"padding-left: 5px; padding-bottom: 10px; padding-right: 5px;\"  itemscope itemtype=\"https:\/\/schema.org\/ImageObject\"><div class=\"envira-gallery-item-inner\"><div class=\"envira-gallery-position-overlay  envira-gallery-top-left\"><\/div><div class=\"envira-gallery-position-overlay  envira-gallery-top-right\"><\/div><div class=\"envira-gallery-position-overlay  envira-gallery-bottom-left\"><\/div><div class=\"envira-gallery-position-overlay  envira-gallery-bottom-right\"><\/div><a href=\"http:\/\/www.ggss.at\/wp-content\/uploads\/2018\/03\/2017-12-02-PHOTO-00000085.jpg\" class=\"envira-gallery-291 envira-gallery-link\" rel=\"enviragallery291\" title=\"... mit Spa\u00df bei der Arbeit.\" data-envira-caption=\"... mit Spa\u00df bei der Arbeit.\" data-envira-retina=\"\" data-thumbnail=\"\"  itemprop=\"contentUrl\"><div class=\"envira-lazy\" data-test-width=\"640\" data-test-height=\"480\" style=\"padding-bottom:75%;\"><img id=\"envira-gallery-image-293\" class=\"envira-gallery-image envira-gallery-image-2\" data-envira-index=\"2\" src=\"http:\/\/www.ggss.at\/wp-content\/uploads\/2018\/03\/2017-12-02-PHOTO-00000085-768x1024-640x480_c.jpg\" data-envira-src=\"http:\/\/www.ggss.at\/wp-content\/uploads\/2018\/03\/2017-12-02-PHOTO-00000085-768x1024-640x480_c.jpg\" data-envira-gallery-id=\"291\" data-envira-item-id=\"293\" data-envira-caption=\"... mit Spa\u00df bei der Arbeit.\" alt=\"\" title=\"... mit Spa\u00df bei der Arbeit.\"  itemprop=\"thumbnailUrl\" data-envira-srcset=\"http:\/\/www.ggss.at\/wp-content\/uploads\/2018\/03\/2017-12-02-PHOTO-00000085-768x1024-640x480_c.jpg 400w,http:\/\/www.ggss.at\/wp-content\/uploads\/2018\/03\/2017-12-02-PHOTO-00000085-768x1024-640x480_c.jpg 2x\" srcset=\"data:image\/gif;base64,R0lGODlhAQABAIAAAP\/\/\/\/\/\/\/yH5BAEKAAEALAAAAAABAAEAAAICTAEAOw==\" \/><\/div><\/a><\/div><\/div><div id=\"envira-gallery-item-294\" class=\"envira-gallery-item enviratope-item envira-gallery-item-3 envira-lazy-load\" style=\"padding-left: 5px; padding-bottom: 10px; padding-right: 5px;\"  itemscope itemtype=\"https:\/\/schema.org\/ImageObject\"><div class=\"envira-gallery-item-inner\"><div class=\"envira-gallery-position-overlay  envira-gallery-top-left\"><\/div><div class=\"envira-gallery-position-overlay  envira-gallery-top-right\"><\/div><div class=\"envira-gallery-position-overlay  envira-gallery-bottom-left\"><\/div><div class=\"envira-gallery-position-overlay  envira-gallery-bottom-right\"><\/div><a href=\"http:\/\/www.ggss.at\/wp-content\/uploads\/2018\/03\/Heckenschnitt_Sebastian.jpg\" class=\"envira-gallery-291 envira-gallery-link\" rel=\"enviragallery291\" title=\"... in Form bringen.\" data-envira-caption=\"... in Form bringen.\" data-envira-retina=\"\" data-thumbnail=\"\"  itemprop=\"contentUrl\"><div class=\"envira-lazy\" data-test-width=\"640\" data-test-height=\"480\" style=\"padding-bottom:75%;\"><img id=\"envira-gallery-image-294\" class=\"envira-gallery-image envira-gallery-image-3\" data-envira-index=\"3\" src=\"http:\/\/www.ggss.at\/wp-content\/uploads\/2018\/03\/Heckenschnitt_Sebastian-1024x768-640x480_c.jpg\" data-envira-src=\"http:\/\/www.ggss.at\/wp-content\/uploads\/2018\/03\/Heckenschnitt_Sebastian-1024x768-640x480_c.jpg\" data-envira-gallery-id=\"291\" data-envira-item-id=\"294\" data-envira-caption=\"... in Form bringen.\" alt=\"\" title=\"... in Form bringen.\"  itemprop=\"thumbnailUrl\" data-envira-srcset=\"http:\/\/www.ggss.at\/wp-content\/uploads\/2018\/03\/Heckenschnitt_Sebastian-1024x768-640x480_c.jpg 400w,http:\/\/www.ggss.at\/wp-content\/uploads\/2018\/03\/Heckenschnitt_Sebastian-1024x768-640x480_c.jpg 2x\" srcset=\"data:image\/gif;base64,R0lGODlhAQABAIAAAP\/\/\/\/\/\/\/yH5BAEKAAEALAAAAAABAAEAAAICTAEAOw==\" \/><\/div><\/a><\/div><\/div><\/div><\/div><noscript><img src=\"http:\/\/www.ggss.at\/wp-content\/uploads\/2018\/03\/2017-12-02-PHOTO-00000084.jpg\" alt=\"\" \/><img src=\"http:\/\/www.ggss.at\/wp-content\/uploads\/2018\/03\/2017-12-02-PHOTO-00000085.jpg\" alt=\"\" \/><img src=\"http:\/\/www.ggss.at\/wp-content\/uploads\/2018\/03\/Heckenschnitt_Sebastian.jpg\" alt=\"\" \/><\/noscript>\t\n\t\t\t\t\t\t<\/div>            \n\t\t\t\t\t\t<\/div>            \n\t\t\t\t\t<\/div>            \n\t\t\t\t\t<\/div><\/p>\n","protected":false},"excerpt":{"rendered":"","protected":false},"author":1,"featured_media":0,"parent":0,"menu_order":0,"comment_status":"closed","ping_status":"closed","template":"page-fullwidth.php","meta":[],"_links":{"self":[{"href":"http:\/\/www.ggss.at\/index.php?rest_route=\/wp\/v2\/pages\/50"}],"collection":[{"href":"http:\/\/www.ggss.at\/index.php?rest_route=\/wp\/v2\/pages"}],"about":[{"href":"http:\/\/www.ggss.at\/index.php?rest_route=\/wp\/v2\/types\/page"}],"author":[{"embeddable":true,"href":"http:\/\/www.ggss.at\/index.php?rest_route=\/wp\/v2\/users\/1"}],"replies":[{"embeddable":true,"href":"http:\/\/www.ggss.at\/index.php?rest_route=%2Fwp%2Fv2%2Fcomments&post=50"}],"version-history":[{"count":7,"href":"http:\/\/www.ggss.at\/index.php?rest_route=\/wp\/v2\/pages\/50\/revisions"}],"predecessor-version":[{"id":311,"href":"http:\/\/www.ggss.at\/index.php?rest_route=\/wp\/v2\/pages\/50\/revisions\/311"}],"wp:attachment":[{"href":"http:\/\/www.ggss.at\/index.php?rest_route=%2Fwp%2Fv2%2Fmedia&parent=50"}],"curies":[{"name":"wp","href":"https:\/\/api.w.org\/{rel}","templated":true}]}}